{"id":408,"date":"2024-07-18T14:13:25","date_gmt":"2024-07-18T13:13:25","guid":{"rendered":"https:\/\/stagw.warsaw1944.uk\/?page_id=408"},"modified":"2024-07-18T16:58:39","modified_gmt":"2024-07-18T15:58:39","slug":"partnerzy","status":"publish","type":"page","link":"https:\/\/www.warsaw1944.uk\/pl\/partnerzy\/","title":{"rendered":"Partnerzy"},"content":{"rendered":"<h2>Z wielk\u0105 wdzi\u0119czno\u015bci\u0105 dzi\u0119kujemy naszym partnerom i sponsorom. Bez ich hojno\u015bci i zaanga\u017cowania nie mogliby\u015bmy zaprezentowa\u0107 tej wystawy.<\/h2>\n<p>&nbsp;<\/p>\n<h2>Partnerzy<\/h2>\n<p>&nbsp;<\/p>\n<h3>King&#8217;s College London<\/h3>\n<h4>Centrum Historii Wojny im. Sir Michaela Howarda<\/h4>\n<p><a href=\"https:\/\/www.kcl.ac.uk\/research\/sir-michael-howard-centre-for-the-history-of-war-3\" target=\"_blank\" title=\"Sir Michael Howard Centre for the History of War strona  (otwiera si\u0119 w nowym oknie)\" rel=\"noopener\">www.kcl.ac.uk\/research\/sir-michael-howard-centre-for-the-history-of-war-3<\/a><\/p>\n<h4>Wydzia\u0142 Historii<\/h4>\n<p><a href=\"https:\/\/www.kcl.ac.uk\/history\" target=\"_blank\" title=\"Department of History, King's College strona (otwiera si\u0119 w nowym oknie)\" rel=\"noopener\">www.kcl.ac.uk\/history<\/a><\/p>\n<h4>Wydzia\u0142 Studi\u00f3w nad Wojn\u0105<\/h4>\n<p><a href=\"https:\/\/www.kcl.ac.uk\/warstudies\" target=\"_blank\" title=\"Department of War Studies, King's College strona (otwiera si\u0119 w nowym oknie)\" rel=\"noopener\">www.kcl.ac.uk\/warstudies<\/a><\/p>\n<h4>King&#8217;s Culture<\/h4>\n<p><a href=\"https:\/\/www.kcl.ac.uk\/cultural\" target=\"_blank\" title=\"King's Culture strona (otwiera si\u0119 w nowym oknie)\" rel=\"noopener\">www.kcl.ac.uk\/cultural<\/a><\/p>\n<h2>Sponsorzy &#038; Patroni<\/h2>\n<p>&nbsp;<\/p>\n<h3>Polonia Aid Foundation Trust<\/h3>\n<p><img loading=\"lazy\" decoding=\"async\" src=\"\/wp-content\/themes\/warsaw1944-child\/img\/paft-logo.jpg\" width=\"180\" height=\"133\" alt=\"PAFT logo\"><\/p>\n<h3>Patronat Honorowy Ambasadora RP<\/h3>\n<p>Patronat Honorowy nad przedsi\u0119wzi\u0119ciem obj\u0105\u0142 Ambasador Rzeczypospolitej Polskiej w Zjednoczonym Kr\u00f3lestwie Wielkiej Brytanii i Irlandii P\u00f3\u0142nocnej.<\/p>\n<p><img loading=\"lazy\" decoding=\"async\" src=\"\/wp-content\/themes\/warsaw1944-child\/img\/ambassador-logo-pl.png\" width=\"200\" height=\"144\" alt=\"logo\"><\/p>\n<h3>Patronat Honorowy Muzeum Historii Polski<\/h3>\n<p><a href=\"https:\/\/muzhp.pl\/en\" target=\"_blank\" rel=\"noopener\"><img loading=\"lazy\" decoding=\"async\" src=\"\/wp-content\/themes\/warsaw1944-child\/img\/MHP-logo-sq-pl.svg\"  width=\"300\" height=\"133\" alt=\"Muzeum Historii Polski logo\" class=\"my-5\"><\/a><\/p>\n","protected":false},"excerpt":{"rendered":"<p>Z wielk\u0105 wdzi\u0119czno\u015bci\u0105 dzi\u0119kujemy naszym partnerom i sponsorom. Bez ich hojno\u015bci i zaanga\u017cowania nie mogliby\u015bmy zaprezentowa\u0107 tej wystawy. &nbsp; Partnerzy &nbsp; King&#8217;s College London Centrum Historii Wojny im. Sir Michaela Howarda www.kcl.ac.uk\/research\/sir-michael-howard-centre-for-the-history-of-war-3 Wydzia\u0142 Historii www.kcl.ac.uk\/history Wydzia\u0142 Studi\u00f3w nad Wojn\u0105 www.kcl.ac.uk\/warstudies King&#8217;s Culture www.kcl.ac.uk\/cultural Sponsorzy &#038; Patroni &nbsp; Polonia Aid Foundation Trust Patronat Honorowy Ambasadora RP\u2026<\/p>\n","protected":false},"author":1,"featured_media":0,"parent":0,"menu_order":4,"comment_status":"closed","ping_status":"closed","template":"","meta":{"_acf_changed":false,"footnotes":""},"class_list":["post-408","page","type-page","status-publish","hentry"],"acf":[],"_links":{"self":[{"href":"https:\/\/www.warsaw1944.uk\/pl\/wp-json\/wp\/v2\/pages\/408","targetHints":{"allow":["GET"]}}],"collection":[{"href":"https:\/\/www.warsaw1944.uk\/pl\/wp-json\/wp\/v2\/pages"}],"about":[{"href":"https:\/\/www.warsaw1944.uk\/pl\/wp-json\/wp\/v2\/types\/page"}],"author":[{"embeddable":true,"href":"https:\/\/www.warsaw1944.uk\/pl\/wp-json\/wp\/v2\/users\/1"}],"replies":[{"embeddable":true,"href":"https:\/\/www.warsaw1944.uk\/pl\/wp-json\/wp\/v2\/comments?post=408"}],"version-history":[{"count":11,"href":"https:\/\/www.warsaw1944.uk\/pl\/wp-json\/wp\/v2\/pages\/408\/revisions"}],"predecessor-version":[{"id":427,"href":"https:\/\/www.warsaw1944.uk\/pl\/wp-json\/wp\/v2\/pages\/408\/revisions\/427"}],"wp:attachment":[{"href":"https:\/\/www.warsaw1944.uk\/pl\/wp-json\/wp\/v2\/media?parent=408"}],"curies":[{"name":"wp","href":"https:\/\/api.w.org\/{rel}","templated":true}]}}